{"id":4045,"date":"2022-03-20T13:49:37","date_gmt":"2022-03-20T10:49:37","guid":{"rendered":"http:\/\/matematikchi.net\/klon\/?page_id=4045"},"modified":"2024-06-18T22:34:07","modified_gmt":"2024-06-18T19:34:07","slug":"oran-oranti","status":"publish","type":"page","link":"https:\/\/matematikchi.net\/klon\/oran-oranti\/","title":{"rendered":"Oran Orant\u0131"},"content":{"rendered":"<p><span style=\"text-decoration: underline; font-size: 14pt;\"><strong><span style=\"color: #800080; font-family: 'comic sans ms', sans-serif; text-decoration: underline;\">KONU ANLATIMI<\/span><\/strong><\/span><\/p>\n<p><span style=\"font-family: 'arial black', sans-serif;\"><strong><span style=\"color: #800080;\">\u00a0 \u00a0 \u00a0 \u00a0 \u00a0 \u00a0 \u00a0 \u00a0 \u00a0 \u00a0 \u00a0 \u00a0 \u00a0 \u00a0 \u00a0 \u00a0 \u00a0 Soru Seviyesi :<\/span>\u00a0\u00a0<\/strong><\/span><span style=\"font-family: 'arial black', sans-serif;\"><strong>\u00a0 \u00a0\u00a0<span style=\"color: #008000;\">K = Kolay<\/span>\u00a0 \u00a0 \u00a0 \u00a0<span style=\"color: #0000ff;\">O = Orta<\/span>\u00a0 \u00a0 \u00a0 \u00a0 \u00a0<span style=\"color: #ff0000;\">Z = Zor<\/span><\/strong><\/span><\/p>\n<table class=\"aligncenter\" style=\"background-color: #bccae0; width: 800px;\" border=\"3\">\n<tbody>\n<tr style=\"height: 24px;\">\n<td style=\"height: 24px; width: 27px;\"><strong><span style=\"font-size: 12pt;\"><span style=\"font-family: 'comic sans ms', sans-serif;\">\u00a0<\/span><\/span><\/strong><\/td>\n<td style=\"text-align: center; height: 24px; width: 98px;\"><span style=\"font-family: 'comic sans ms', sans-serif; color: #800080;\"><strong><span style=\"font-size: 12pt;\">Konu<\/span><\/strong><\/span><\/td>\n<td style=\"text-align: center; height: 24px; width: 305.5px;\"><span style=\"font-family: 'comic sans ms', sans-serif; color: #800080;\"><strong><span style=\"font-size: 12pt;\">Alt Ba\u015fl\u0131k<\/span><\/strong><\/span><\/td>\n<td style=\"text-align: center; height: 24px; width: 54.5px;\"><span style=\"font-family: 'comic sans ms', sans-serif; color: #800080;\"><strong><span style=\"font-size: 12pt;\">Soru Say\u0131s\u0131<\/span><\/strong><\/span><\/td>\n<td style=\"text-align: center; height: 24px; width: 75px;\"><span style=\"font-family: 'comic sans ms', sans-serif; color: #800080;\"><strong><span style=\"font-size: 12pt;\">Zorluk Derecesi<\/span><\/strong><\/span><\/td>\n<td style=\"text-align: center; height: 24px; width: 83px;\"><span style=\"font-family: 'comic sans ms', sans-serif; color: #800080;\"><strong><span style=\"font-size: 12pt;\">Konu D\u00f6k\u00fcman\u0131<\/span><\/strong><\/span><\/td>\n<td style=\"text-align: center; height: 24px; width: 83px;\"><span style=\"font-family: 'comic sans ms', sans-serif; color: #800080;\"><strong><span style=\"font-size: 12pt;\">Konu Anlat\u0131m\u0131<\/span><\/strong><\/span><\/td>\n<\/tr>\n<tr style=\"height: 20px;\">\n<td style=\"text-align: center; height: 20px; width: 27px;\"><strong><span style=\"font-size: 12pt;\"><span style=\"color: #800080; font-family: 'comic sans ms', sans-serif;\">1<\/span><\/span><\/strong><\/td>\n<td style=\"height: 20px; text-align: center; width: 98px;\"><span style=\"color: #ff6600; font-family: 'comic sans ms', sans-serif;\"><b>Oran Orant\u0131<\/b><\/span><\/td>\n<td style=\"height: 20px; text-align: center; width: 305.5px;\"><span style=\"color: #ff6600; font-family: 'comic sans ms', sans-serif; font-size: 12pt;\"><b>Oran Orant\u0131\u00a0Konu Anlat\u0131m\u0131<\/b><\/span><\/td>\n<td style=\"height: 20px; text-align: center; width: 54.5px;\"><span style=\"color: #ff6600; font-family: 'comic sans ms', sans-serif;\"><b>72<\/b><\/span><\/td>\n<td style=\"height: 20px; text-align: center; width: 75px;\"><span style=\"color: #008000;\"><strong><span style=\"font-size: 12pt;\"><span style=\"font-family: 'comic sans ms', sans-serif;\">\u00a0K<span style=\"color: #800080;\">&#8211;<\/span><span style=\"color: #0000ff;\">O-<span style=\"color: #ff0000;\">Z<\/span><\/span><\/span><\/span><\/strong><\/span><\/td>\n<td style=\"height: 20px; text-align: center; width: 83px;\"><a href=\"http:\/\/matematikchi.net\/klon\/wp-content\/uploads\/2024\/06\/Oran-Orant\u0131-Konu-Anlat\u0131m\u0131.pdf\" target=\"_blank\"><span style=\"font-family: 'comic sans ms', sans-serif;\"><span style=\"color: #ffff00;\"><strong><span style=\"font-size: 12pt;\">T\u0131kla<\/span><\/strong><\/span><\/span><\/a><\/td>\n<td style=\"height: 20px; text-align: center; width: 83px;\"><a href=\"https:\/\/www.youtube.com\/watch?v=DIU4BpQbZrs&amp;list=PLfGn_uAf44DFoJEQTPhb7gohkFXFXgy78\" target=\"_blank\"><span style=\"color: #ffff00; font-family: 'comic sans ms', sans-serif;\"><strong>T\u0131kla<\/strong><\/span><\/a><\/td>\n<\/tr>\n<\/tbody>\n<\/table>\n<p><span style=\"text-decoration: underline;\"><strong><span style=\"font-size: 14pt; color: #800080;\"><span style=\"font-family: 'comic sans ms', sans-serif;\"><br \/>\nKONU \u0130LE \u0130LG\u0130L\u0130 TESTLER<\/span><\/span><\/strong><\/span><\/p>\n<table class=\"aligncenter\" style=\"background-color: #bccae0; width: 800.5px;\" border=\"3\">\n<tbody>\n<tr style=\"height: 24px;\">\n<td style=\"height: 24px; width: 27px;\"><strong><span style=\"font-size: 12pt;\"><span style=\"font-family: 'comic sans ms', sans-serif;\">\u00a0<\/span><\/span><\/strong><\/td>\n<td style=\"text-align: center; height: 24px; width: 109px;\"><span style=\"font-family: 'comic sans ms', sans-serif; color: #800080;\"><strong><span style=\"font-size: 12pt;\">Konu<\/span><\/strong><\/span><\/td>\n<td style=\"text-align: center; height: 24px; width: 293px;\"><span style=\"font-family: 'comic sans ms', sans-serif; color: #800080;\"><strong><span style=\"font-size: 12pt;\">Alt Ba\u015fl\u0131k<\/span><\/strong><\/span><\/td>\n<td style=\"text-align: center; height: 24px; width: 54px;\"><span style=\"font-family: 'comic sans ms', sans-serif; color: #800080;\"><strong><span style=\"font-size: 12pt;\">Soru Say\u0131s\u0131<\/span><\/strong><\/span><\/td>\n<td style=\"text-align: center; height: 24px; width: 75px;\"><span style=\"font-family: 'comic sans ms', sans-serif; color: #800080;\"><strong><span style=\"font-size: 12pt;\">Zorluk Derecesi<\/span><\/strong><\/span><\/td>\n<td style=\"text-align: center; height: 24px; width: 83px;\"><span style=\"font-family: 'comic sans ms', sans-serif; color: #800080;\"><strong><span style=\"font-size: 12pt;\">Test<\/span><\/strong><\/span><\/td>\n<td style=\"text-align: center; height: 24px; width: 82.5px;\"><span style=\"font-family: 'comic sans ms', sans-serif; color: #800080;\"><strong><span style=\"font-size: 12pt;\">\u00c7\u00f6z\u00fcm<\/span><\/strong><\/span><\/td>\n<\/tr>\n<tr style=\"height: 20px;\">\n<td style=\"text-align: center; height: 20px; width: 27px;\"><strong><span style=\"font-size: 12pt;\"><span style=\"color: #800080; font-family: 'comic sans ms', sans-serif;\">1<\/span><\/span><\/strong><\/td>\n<td style=\"height: 20px; text-align: center; width: 109px;\"><span style=\"color: #008000; font-family: 'comic sans ms', sans-serif;\"><b>Oran Orant\u0131<\/b><\/span><\/td>\n<td style=\"height: 20px; text-align: center; width: 293px;\"><span style=\"color: #008000; font-family: 'comic sans ms', sans-serif; font-size: 12pt;\"><b>Oran Orant\u0131 Genel Test<\/b><\/span><\/td>\n<td style=\"height: 20px; text-align: center; width: 54px;\"><span style=\"color: #008000; font-family: 'comic sans ms', sans-serif;\"><b>24<\/b><\/span><\/td>\n<td style=\"height: 20px; text-align: center; width: 75px;\"><span style=\"color: #008000;\"><strong><span style=\"font-size: 12pt;\"><span style=\"font-family: 'comic sans ms', sans-serif;\">Kolay<\/span><\/span><\/strong><\/span><\/td>\n<td style=\"height: 20px; text-align: center; width: 83px;\"><a href=\"http:\/\/matematikchi.net\/klon\/wp-content\/uploads\/2024\/06\/Oran-Orant\u0131-Test-1-K.pdf\" target=\"_blank\"><span style=\"color: #999999;\"><span style=\"color: #ffff00;\"><strong><span style=\"font-family: 'comic sans ms', sans-serif;\">T\u0131kla<\/span><\/strong><\/span><\/span><\/a><\/td>\n<td style=\"height: 20px; text-align: center; width: 82.5px;\"><a href=\"https:\/\/www.youtube.com\/watch?v=iyUVDRy0kXM\" target=\"_blank\"><span style=\"color: #ffff00;\"><strong><span style=\"font-family: 'comic sans ms', sans-serif;\">T\u0131kla<\/span><\/strong><\/span><\/a><\/td>\n<\/tr>\n<tr style=\"height: 24px;\">\n<td style=\"text-align: center; height: 24px; width: 27px;\"><strong><span style=\"font-size: 12pt;\"><span style=\"color: #800080; font-family: 'comic sans ms', sans-serif;\">2<\/span><\/span><\/strong><\/td>\n<td style=\"height: 24px; text-align: center; width: 109px;\"><span style=\"color: #008000;\"><strong><span style=\"font-size: 12pt;\"><span style=\"font-family: 'comic sans ms', sans-serif;\"><b>Oran Orant\u0131<\/b><\/span><\/span><\/strong><\/span><\/td>\n<td style=\"height: 24px; text-align: center; width: 293px;\"><span style=\"font-size: 12pt; color: #008000; font-family: 'comic sans ms', sans-serif;\"><b>Oran Orant\u0131 Genel Test<\/b><\/span><\/td>\n<td style=\"height: 24px; text-align: center; width: 54px;\"><span style=\"color: #008000; font-family: 'comic sans ms', sans-serif;\"><b>24<\/b><\/span><\/td>\n<td style=\"height: 24px; text-align: center; width: 75px;\"><span style=\"color: #008000;\"><strong><span style=\"font-size: 12pt;\"><span style=\"font-family: 'comic sans ms', sans-serif;\">Kolay<\/span><\/span><\/strong><\/span><\/td>\n<td style=\"height: 24px; text-align: center; width: 83px;\"><a href=\"http:\/\/matematikchi.net\/klon\/wp-content\/uploads\/2024\/06\/Oran-Orant\u0131-Test-2-K.pdf\" target=\"_blank\"><span style=\"color: #ffff00;\"><strong><span style=\"font-family: 'comic sans ms', sans-serif;\">T\u0131kla<\/span><\/strong><\/span><\/a><\/td>\n<td style=\"height: 24px; text-align: center; width: 82.5px;\"><a href=\"https:\/\/www.youtube.com\/watch?v=FiQeKwJXnho\" target=\"_blank\"><span style=\"color: #ffff00;\"><strong><span style=\"font-family: 'comic sans ms', sans-serif;\">T\u0131kla<\/span><\/strong><\/span><\/a><\/td>\n<\/tr>\n<tr style=\"height: 24px;\">\n<td style=\"text-align: center; height: 24px; width: 27px;\"><strong><span style=\"font-size: 12pt;\"><span style=\"color: #800080; font-family: 'comic sans ms', sans-serif;\">3<\/span><\/span><\/strong><\/td>\n<td style=\"height: 24px; text-align: center; width: 109px;\"><span style=\"color: #008000;\"><strong><span style=\"font-size: 12pt;\"><span style=\"font-family: 'comic sans ms', sans-serif;\"><b>Oran Orant\u0131<\/b><\/span><\/span><\/strong><\/span><\/td>\n<td style=\"height: 24px; text-align: center; width: 293px;\"><span style=\"color: #008000; font-family: 'comic sans ms', sans-serif;\"><b>Oran Orant\u0131 Genel Test<\/b><\/span><\/td>\n<td style=\"height: 24px; text-align: center; width: 54px;\"><span style=\"color: #008000;\"><strong><span style=\"font-size: 12pt;\"><span style=\"font-family: 'comic sans ms', sans-serif;\">24<\/span><\/span><\/strong><\/span><\/td>\n<td style=\"height: 24px; text-align: center; width: 75px;\"><a href=\"http:\/\/matematikchi.net\/klon\/wp-content\/uploads\/2024\/06\/Oran-Orant\u0131-Test-3-K.pdf\"><span style=\"color: #008000;\"><strong><span style=\"font-size: 12pt;\"><span style=\"font-family: 'comic sans ms', sans-serif;\">Kolay<\/span><\/span><\/strong><\/span><\/a><\/td>\n<td style=\"height: 24px; text-align: center; width: 83px;\"><a href=\"http:\/\/matematikchi.net\/klon\/wp-content\/uploads\/2024\/06\/Oran-Orant\u0131-Test-3-K.pdf\" target=\"_blank\"><span style=\"color: #ffff00;\"><strong><span style=\"font-family: 'comic sans ms', sans-serif;\">T\u0131kla<\/span><\/strong><\/span><\/a><\/td>\n<td style=\"height: 24px; text-align: center; width: 82.5px;\"><a href=\"https:\/\/www.youtube.com\/watch?v=LnPq7eX8yQk\" target=\"_blank\"><span style=\"color: #ffff00;\"><strong><span style=\"font-family: 'comic sans ms', sans-serif;\">T\u0131kla<\/span><\/strong><\/span><\/a><\/td>\n<\/tr>\n<tr style=\"height: 24px;\">\n<td style=\"text-align: center; height: 24px; width: 27px;\"><strong><span style=\"font-size: 12pt;\"><span style=\"color: #800080; font-family: 'comic sans ms', sans-serif;\">4<\/span><\/span><\/strong><\/td>\n<td style=\"height: 24px; text-align: center; width: 109px;\"><span style=\"color: #000080;\"><strong><span style=\"font-size: 12pt;\"><span style=\"font-family: 'comic sans ms', sans-serif;\"><b>Oran Orant\u0131<\/b><\/span><\/span><\/strong><\/span><\/td>\n<td style=\"height: 24px; text-align: center; width: 293px;\"><span style=\"color: #000080;\"><strong><span style=\"font-size: 12pt;\"><span style=\"font-family: 'comic sans ms', sans-serif;\"><b>Oran Orant\u0131 Genel Test<\/b><\/span><\/span><\/strong><\/span><\/td>\n<td style=\"height: 24px; text-align: center; width: 54px;\"><span style=\"color: #000080;\"><strong><span style=\"font-size: 12pt;\"><span style=\"font-family: 'comic sans ms', sans-serif;\">24<\/span><\/span><\/strong><\/span><\/td>\n<td style=\"height: 24px; text-align: center; width: 75px;\"><span style=\"color: #000080;\"><strong><span style=\"font-size: 12pt;\"><span style=\"font-family: 'comic sans ms', sans-serif;\">Orta<\/span><\/span><\/strong><\/span><\/td>\n<td style=\"height: 24px; text-align: center; width: 83px;\"><a href=\"http:\/\/matematikchi.net\/klon\/wp-content\/uploads\/2024\/06\/Oran-Orant\u0131-Test-1-O.pdf\" target=\"_blank\"><span style=\"color: #ffff00;\"><strong><span style=\"font-family: 'comic sans ms', sans-serif;\">T\u0131kla<\/span><\/strong><\/span><\/a><\/td>\n<td style=\"height: 24px; text-align: center; width: 82.5px;\"><a href=\"https:\/\/www.youtube.com\/watch?v=lVKpdYkg4KI\" target=\"_blank\"><span style=\"color: #ffff00;\"><strong><span style=\"font-family: 'comic sans ms', sans-serif;\">T\u0131kla<\/span><\/strong><\/span><\/a><\/td>\n<\/tr>\n<tr style=\"height: 24px;\">\n<td style=\"text-align: center; height: 24px; width: 27px;\"><strong><span style=\"font-size: 12pt;\"><span style=\"color: #800080; font-family: 'comic sans ms', sans-serif;\">5<\/span><\/span><\/strong><\/td>\n<td style=\"height: 24px; text-align: center; width: 109px;\"><span style=\"color: #000080;\"><strong><span style=\"font-size: 12pt;\"><span style=\"font-family: 'comic sans ms', sans-serif;\"><b>Oran Orant\u0131<\/b><\/span><\/span><\/strong><\/span><\/td>\n<td style=\"height: 24px; text-align: center; width: 293px;\"><span style=\"color: #000080;\"><strong><span style=\"font-size: 12pt;\"><span style=\"font-family: 'comic sans ms', sans-serif;\"><b>Oran Orant\u0131 Genel Test<\/b><\/span><\/span><\/strong><\/span><\/td>\n<td style=\"height: 24px; text-align: center; width: 54px;\"><span style=\"color: #000080;\"><strong><span style=\"font-size: 12pt;\"><span style=\"font-family: 'comic sans ms', sans-serif;\">24<\/span><\/span><\/strong><\/span><\/td>\n<td style=\"height: 24px; text-align: center; width: 75px;\"><span style=\"color: #000080;\"><strong><span style=\"font-size: 12pt;\"><span style=\"font-family: 'comic sans ms', sans-serif;\">Orta<\/span><\/span><\/strong><\/span><\/td>\n<td style=\"height: 24px; text-align: center; width: 83px;\"><a href=\"http:\/\/matematikchi.net\/klon\/wp-content\/uploads\/2024\/06\/Oran-Orant\u0131-Test-2-O.pdf\" target=\"_blank\"><span style=\"color: #ffff00;\"><strong><span style=\"font-family: 'comic sans ms', sans-serif;\">T\u0131kla<\/span><\/strong><\/span><\/a><\/td>\n<td style=\"height: 24px; text-align: center; width: 82.5px;\"><a href=\"https:\/\/www.youtube.com\/watch?v=8hdAvchccNg\" target=\"_blank\"><span style=\"color: #ffff00;\"><strong><span style=\"font-family: 'comic sans ms', sans-serif;\">T\u0131kla<\/span><\/strong><\/span><\/a><\/td>\n<\/tr>\n<tr style=\"height: 24px;\">\n<td style=\"text-align: center; height: 24px; width: 27px;\"><strong><span style=\"font-size: 12pt;\"><span style=\"color: #800080; font-family: 'comic sans ms', sans-serif;\">6<\/span><\/span><\/strong><\/td>\n<td style=\"height: 24px; text-align: center; width: 109px;\"><span style=\"color: #000080;\"><strong><span style=\"font-size: 12pt;\"><span style=\"font-family: 'comic sans ms', sans-serif;\"><b>Oran Orant\u0131<\/b><\/span><\/span><\/strong><\/span><\/td>\n<td style=\"height: 24px; text-align: center; width: 293px;\"><span style=\"color: #000080;\"><strong><span style=\"font-size: 12pt;\"><span style=\"font-family: 'comic sans ms', sans-serif;\"><b>Oran Orant\u0131 Genel Test<\/b><\/span><\/span><\/strong><\/span><\/td>\n<td style=\"height: 24px; text-align: center; width: 54px;\"><span style=\"color: #000080;\"><strong><span style=\"font-size: 12pt;\"><span style=\"font-family: 'comic sans ms', sans-serif;\">24<\/span><\/span><\/strong><\/span><\/td>\n<td style=\"height: 24px; text-align: center; width: 75px;\"><span style=\"color: #000080;\"><strong><span style=\"font-size: 12pt;\"><span style=\"font-family: 'comic sans ms', sans-serif;\">Orta<\/span><\/span><\/strong><\/span><\/td>\n<td style=\"height: 24px; text-align: center; width: 83px;\"><a href=\"http:\/\/matematikchi.net\/klon\/wp-content\/uploads\/2024\/06\/Oran-Orant\u0131-Test-3-O.pdf\" target=\"_blank\"><span style=\"color: #999999;\"><span style=\"color: #ffff00;\"><strong><span style=\"font-family: 'comic sans ms', sans-serif;\">T\u0131kla<\/span><\/strong><\/span><\/span><\/a><\/td>\n<td style=\"height: 24px; text-align: center; width: 82.5px;\"><a href=\"https:\/\/www.youtube.com\/watch?v=Wrj7cuuJ-04\" target=\"_blank\"><span style=\"color: #ffff00; font-family: 'comic sans ms', sans-serif;\"><strong>T\u0131kla<\/strong><\/span><\/a><\/td>\n<\/tr>\n<tr style=\"height: 24px;\">\n<td style=\"text-align: center; height: 24px; width: 27px;\"><strong><span style=\"font-size: 12pt;\"><span style=\"color: #800080; font-family: 'comic sans ms', sans-serif;\">7<\/span><\/span><\/strong><\/td>\n<td style=\"height: 24px; text-align: center; width: 109px;\"><span style=\"color: #ff0000;\"><strong><span style=\"font-size: 12pt;\"><span style=\"font-family: 'comic sans ms', sans-serif;\"><b>Oran Orant\u0131<\/b><\/span><\/span><\/strong><\/span><\/td>\n<td style=\"height: 24px; text-align: center; width: 293px;\"><span style=\"color: #ff0000;\"><strong><span style=\"font-size: 12pt;\"><span style=\"font-family: 'comic sans ms', sans-serif;\"><b>Oran Orant\u0131 Genel Test<\/b><\/span><\/span><\/strong><\/span><\/td>\n<td style=\"height: 24px; text-align: center; width: 54px;\"><span style=\"color: #ff0000; font-family: 'comic sans ms', sans-serif;\"><b>18<\/b><\/span><\/td>\n<td style=\"height: 24px; width: 75px; text-align: center;\"><span style=\"color: #ff0000;\"><strong><span style=\"font-size: 12pt;\"><span style=\"font-family: 'comic sans ms', sans-serif;\">Zor<\/span><\/span><\/strong><\/span><\/td>\n<td style=\"height: 24px; width: 83px; text-align: center;\"><a href=\"http:\/\/matematikchi.net\/klon\/wp-content\/uploads\/2024\/06\/Oran-Orant\u0131-Test-1-Z.pdf\" target=\"_blank\"><span style=\"color: #ffff00;\"><strong><span style=\"font-family: 'comic sans ms', sans-serif;\">T\u0131kla<\/span><\/strong><\/span><\/a><\/td>\n<td style=\"height: 24px; width: 82.5px; text-align: center;\"><a href=\"https:\/\/youtu.be\/VPaYXctd56k\" target=\"_blank\"><span style=\"color: #ffff00;\"><strong><span style=\"font-family: 'comic sans ms', sans-serif;\">T\u0131kla<\/span><\/strong><\/span><\/a><\/td>\n<\/tr>\n<tr style=\"height: 24px;\">\n<td style=\"text-align: center; height: 24px; width: 27px;\"><strong><span style=\"font-size: 12pt;\"><span style=\"color: #800080; font-family: 'comic sans ms', sans-serif;\">8<\/span><\/span><\/strong><\/td>\n<td style=\"height: 24px; text-align: center; width: 109px;\"><span style=\"color: #ff0000;\"><strong><span style=\"font-size: 12pt;\"><span style=\"font-family: 'comic sans ms', sans-serif;\"><b>Oran Orant\u0131<\/b><\/span><\/span><\/strong><\/span><\/td>\n<td style=\"height: 24px; text-align: center; width: 293px;\"><span style=\"color: #ff0000;\"><strong><span style=\"font-size: 12pt;\"><span style=\"font-family: 'comic sans ms', sans-serif;\"><b>Oran Orant\u0131 Genel Test<\/b><\/span><\/span><\/strong><\/span><\/td>\n<td style=\"height: 24px; text-align: center; width: 54px;\"><span style=\"color: #ff0000; font-family: 'comic sans ms', sans-serif;\"><b>18<\/b><\/span><\/td>\n<td style=\"height: 24px; text-align: center; width: 75px;\"><span style=\"color: #ff0000;\"><strong><span style=\"font-size: 12pt;\"><span style=\"font-family: 'comic sans ms', sans-serif;\">Zor<\/span><\/span><\/strong><\/span><\/td>\n<td style=\"height: 24px; width: 83px; text-align: center;\"><a href=\"http:\/\/matematikchi.net\/klon\/wp-content\/uploads\/2024\/06\/Oran-Orant\u0131-Test-2-Z.pdf\" target=\"_blank\"><span style=\"color: #ffff00;\"><strong><span style=\"font-family: 'comic sans ms', sans-serif;\">T\u0131kla<\/span><\/strong><\/span><\/a><\/td>\n<td style=\"height: 24px; width: 82.5px; text-align: center;\"><a href=\"https:\/\/youtu.be\/g9LKEFstR5A\" target=\"_blank\"><span style=\"color: #ffff00;\"><strong><span style=\"font-family: 'comic sans ms', sans-serif;\">T\u0131kla<\/span><\/strong><\/span><\/a><\/td>\n<\/tr>\n<tr style=\"height: 24px;\">\n<td style=\"text-align: center; height: 24px; width: 27px;\"><strong><span style=\"font-size: 12pt;\"><span style=\"color: #800080; font-family: 'comic sans ms', sans-serif;\">9<\/span><\/span><\/strong><\/td>\n<td style=\"height: 24px; text-align: center; width: 109px;\"><span style=\"color: #ff0000;\"><strong><span style=\"font-size: 12pt;\"><span style=\"font-family: 'comic sans ms', sans-serif;\"><b>Oran Orant\u0131<\/b><\/span><\/span><\/strong><\/span><\/td>\n<td style=\"height: 24px; text-align: center; width: 293px;\"><span style=\"color: #ff0000;\"><strong><span style=\"font-size: 12pt;\"><span style=\"font-family: 'comic sans ms', sans-serif;\"><b>Oran Orant\u0131 Genel Test<\/b><\/span><\/span><\/strong><\/span><\/td>\n<td style=\"height: 24px; text-align: center; width: 54px;\"><span style=\"color: #ff0000; font-family: 'comic sans ms', sans-serif;\"><b>18<\/b><\/span><\/td>\n<td style=\"height: 24px; text-align: center; width: 75px;\"><span style=\"color: #ff0000;\"><strong><span style=\"font-size: 12pt;\"><span style=\"font-family: 'comic sans ms', sans-serif;\">Zor<\/span><\/span><\/strong><\/span><\/td>\n<td style=\"height: 24px; width: 83px; text-align: center;\"><a href=\"http:\/\/matematikchi.net\/klon\/wp-content\/uploads\/2024\/06\/Oran-Orant\u0131-Test-3-Z.pdf\" target=\"_blank\"><span style=\"color: #ffff00;\"><strong><span style=\"font-family: 'comic sans ms', sans-serif;\">T\u0131kla<\/span><\/strong><\/span><\/a><\/td>\n<td style=\"height: 24px; width: 82.5px; text-align: center;\"><a href=\"https:\/\/youtu.be\/DexEMVd_OxA\" target=\"_blank\"><span style=\"color: #ffff00;\"><strong><span style=\"font-family: 'comic sans ms', sans-serif;\">T\u0131kla<\/span><\/strong><\/span><\/a><\/td>\n<\/tr>\n<\/tbody>\n<\/table>\n<ul>\n<li><strong>\u0130stedi\u011finiz test i\u00e7in tablo da sa\u011f tarafta \u00a0<span style=\"color: #800080;\">&#8221;\u00a0<span style=\"text-decoration: underline;\">Test<\/span>\u00a0&#8220;<\/span>\u00a0 ba\u015fl\u0131\u011f\u0131n\u0131n alt\u0131nda ki \u00a0<span style=\"color: #ff0000;\"><span style=\"color: #ffff00;\">&#8221; T\u0131kla &#8220;<\/span>\u00a0<\/span>\u00a0yaz\u0131l\u0131 yere t\u0131klay\u0131n\u0131z.<\/strong><\/li>\n<\/ul>\n<ul>\n<li><strong>\u00a0Testin \u00e7\u00f6z\u00fcmleri i\u00e7in tablo da sa\u011f tarafta\u00a0<span style=\"color: #800080;\">&#8221;\u00a0<span style=\"text-decoration: underline;\">\u00c7\u00f6z\u00fcm<\/span>\u00a0&#8221;\u00a0<\/span>\u00a0ba\u015fl\u0131\u011f\u0131n\u0131n alt\u0131nda ki\u00a0<span style=\"color: #ff6600;\">\u00a0<span style=\"color: #ffff00;\">&#8221; T\u0131kla\u00a0&#8220;<\/span><\/span><span style=\"color: #ff0000;\">\u00a0<\/span>\u00a0yaz\u0131l\u0131 yere t\u0131klay\u0131n\u0131z.\u00a0<\/strong><\/li>\n<\/ul>\n","protected":false},"excerpt":{"rendered":"<p>KONU ANLATIMI \u00a0 \u00a0 \u00a0 \u00a0 \u00a0 \u00a0 \u00a0 \u00a0 \u00a0 \u00a0 \u00a0 \u00a0 \u00a0 \u00a0 \u00a0 \u00a0 \u00a0 Soru [&hellip;]<\/p>\n","protected":false},"author":1,"featured_media":0,"parent":0,"menu_order":0,"comment_status":"closed","ping_status":"closed","template":"","meta":{"site-sidebar-layout":"default","site-content-layout":"","ast-site-content-layout":"default","site-content-style":"default","site-sidebar-style":"default","ast-global-header-display":"","ast-banner-title-visibility":"","ast-main-header-display":"","ast-hfb-above-header-display":"","ast-hfb-below-header-display":"","ast-hfb-mobile-header-display":"","site-post-title":"","ast-breadcrumbs-content":"","ast-featured-img":"","footer-sml-layout":"","theme-transparent-header-meta":"","adv-header-id-meta":"","stick-header-meta":"","header-above-stick-meta":"","header-main-stick-meta":"","header-below-stick-meta":"","astra-migrate-meta-layouts":"default","ast-page-background-enabled":"default","ast-page-background-meta":{"desktop":{"background-color":"var(--ast-global-color-5)","background-image":"","background-repeat":"repeat","background-position":"center center","background-size":"auto","background-attachment":"scroll","background-type":"","background-media":"","overlay-type":"","overlay-color":"","overlay-opacity":"","overlay-gradient":""},"tablet":{"background-color":"","background-image":"","background-repeat":"repeat","background-position":"center center","background-size":"auto","background-attachment":"scroll","background-type":"","background-media":"","overlay-type":"","overlay-color":"","overlay-opacity":"","overlay-gradient":""},"mobile":{"background-color":"","background-image":"","background-repeat":"repeat","background-position":"center center","background-size":"auto","background-attachment":"scroll","background-type":"","background-media":"","overlay-type":"","overlay-color":"","overlay-opacity":"","overlay-gradient":""}},"ast-content-background-meta":{"desktop":{"background-color":"var(--ast-global-color-4)","background-image":"","background-repeat":"repeat","background-position":"center center","background-size":"auto","background-attachment":"scroll","background-type":"","background-media":"","overlay-type":"","overlay-color":"","overlay-opacity":"","overlay-gradient":""},"tablet":{"background-color":"var(--ast-global-color-4)","background-image":"","background-repeat":"repeat","background-position":"center center","background-size":"auto","background-attachment":"scroll","background-type":"","background-media":"","overlay-type":"","overlay-color":"","overlay-opacity":"","overlay-gradient":""},"mobile":{"background-color":"var(--ast-global-color-4)","background-image":"","background-repeat":"repeat","background-position":"center center","background-size":"auto","background-attachment":"scroll","background-type":"","background-media":"","overlay-type":"","overlay-color":"","overlay-opacity":"","overlay-gradient":""}},"footnotes":""},"class_list":["post-4045","page","type-page","status-publish","hentry"],"_links":{"self":[{"href":"https:\/\/matematikchi.net\/klon\/wp-json\/wp\/v2\/pages\/4045","targetHints":{"allow":["GET"]}}],"collection":[{"href":"https:\/\/matematikchi.net\/klon\/wp-json\/wp\/v2\/pages"}],"about":[{"href":"https:\/\/matematikchi.net\/klon\/wp-json\/wp\/v2\/types\/page"}],"author":[{"embeddable":true,"href":"https:\/\/matematikchi.net\/klon\/wp-json\/wp\/v2\/users\/1"}],"replies":[{"embeddable":true,"href":"https:\/\/matematikchi.net\/klon\/wp-json\/wp\/v2\/comments?post=4045"}],"version-history":[{"count":0,"href":"https:\/\/matematikchi.net\/klon\/wp-json\/wp\/v2\/pages\/4045\/revisions"}],"wp:attachment":[{"href":"https:\/\/matematikchi.net\/klon\/wp-json\/wp\/v2\/media?parent=4045"}],"curies":[{"name":"wp","href":"https:\/\/api.w.org\/{rel}","templated":true}]}}